{"id":4796,"date":"2025-07-23T13:13:20","date_gmt":"2025-07-23T13:13:20","guid":{"rendered":"https:\/\/westafrica.wetlands.org\/en\/wetlands-international-africas-commitment-to-public-policy\/"},"modified":"2025-07-23T13:13:13","modified_gmt":"2025-07-23T13:13:13","slug":"wetlands-international-africas-commitment-to-public-policy","status":"publish","type":"page","link":"https:\/\/westafrica.wetlands.org\/en\/wetlands-international-africas-commitment-to-public-policy\/","title":{"rendered":"Wetlands International Africa&#8217;s commitment to public policy"},"content":{"rendered":"\n<p><\/p>\n\n\n\n<figure class=\"wp-block-image size-large\"><img loading=\"lazy\" decoding=\"async\" width=\"1024\" height=\"672\" src=\"https:\/\/westafrica.wetlands.org\/wp-content\/uploads\/sites\/8\/2025\/07\/Capture-decran-2025-07-08-a-11.23.50-1024x672.png\" alt=\"\" class=\"wp-image-4795\" srcset=\"https:\/\/westafrica.wetlands.org\/en\/wp-content\/uploads\/sites\/8\/2025\/07\/Capture-decran-2025-07-08-a-11.23.50-1024x672.png 1024w, https:\/\/westafrica.wetlands.org\/en\/wp-content\/uploads\/sites\/8\/2025\/07\/Capture-decran-2025-07-08-a-11.23.50-300x197.png 300w, https:\/\/westafrica.wetlands.org\/en\/wp-content\/uploads\/sites\/8\/2025\/07\/Capture-decran-2025-07-08-a-11.23.50-768x504.png 768w, https:\/\/westafrica.wetlands.org\/en\/wp-content\/uploads\/sites\/8\/2025\/07\/Capture-decran-2025-07-08-a-11.23.50.png 1315w\" sizes=\"(max-width: 1024px) 100vw, 1024px\" \/><\/figure>\n\n\n\n<p>Chez&nbsp;<strong>Wetlands International Afrique<\/strong>, nous sommes convaincus que la durabilit\u00e9 de la conservation des zones humides d\u00e9pend \u00e9troitement de la qualit\u00e9 des&nbsp;<strong>politiques publiques<\/strong>&nbsp;qui encadrent leur gestion. Dans un contexte marqu\u00e9 par la d\u00e9gradation acc\u00e9l\u00e9r\u00e9e des \u00e9cosyst\u00e8mes c\u00f4tiers et int\u00e9rieurs, l\u2019urbanisation, l\u2019exploitation non durable des ressources naturelles et les impacts croissants du changement climatique, il devient imp\u00e9ratif de renforcer les cadres politiques et r\u00e9glementaires aux niveaux local, national et r\u00e9gional.<\/p>\n\n\n\n\t\n\t\n\n\n<p><\/p>\n\n\n\n<p>\u00c0 travers notre r\u00e9seau, nos expertises et nos projets ou encore nos actions dans les sites Ramsar, nous contribuons activement au dialogue politique, \u00e0 la r\u00e9forme des pratiques, et au renforcement de la coordination r\u00e9gionale pour que les zones humides soient pleinement reconnues comme des alli\u00e9es incontournables du d\u00e9veloppement durable en Afrique.<\/p>\n\n\n\n<p><\/p>\n","protected":false},"excerpt":{"rendered":"<p>Chez&nbsp;Wetlands International Afrique, nous sommes convaincus que la durabilit\u00e9 de la conservation des zones humides d\u00e9pend \u00e9troitement de la qualit\u00e9 des&nbsp;politiques publiques&nbsp;qui encadrent leur gestion. Dans un contexte marqu\u00e9 par la d\u00e9gradation acc\u00e9l\u00e9r\u00e9e des \u00e9cosyst\u00e8mes c\u00f4tiers et int\u00e9rieurs, l\u2019urbanisation, l\u2019exploitation non durable des ressources naturelles et les impacts croissants du changement climatique, il devient imp\u00e9ratif [&hellip;]<\/p>\n","protected":false},"author":19,"featured_media":4797,"parent":0,"menu_order":0,"comment_status":"closed","ping_status":"closed","template":"","meta":{"_acf_changed":false,"_monsterinsights_skip_tracking":false,"_monsterinsights_sitenote_active":false,"_monsterinsights_sitenote_note":"","_monsterinsights_sitenote_category":0,"ep_exclude_from_search":false,"editor_notices":[],"footnotes":""},"wl_issue":[],"wl_topic":[],"wl_type":[],"class_list":["post-4796","page","type-page","status-publish","has-post-thumbnail","hentry"],"acf":[],"yoast_head":"<!-- This site is optimized with the Yoast SEO plugin v27.2 - https:\/\/yoast.com\/product\/yoast-seo-wordpress\/ -->\n<title>Wetlands International Africa&#039;s commitment to public policy - Wetlands Africa EN<\/title>\n<meta name=\"robots\" content=\"noindex, follow, max-snippet:-1, max-image-preview:large, max-video-preview:-1\" \/>\n<meta property=\"og:locale\" content=\"en_US\" \/>\n<meta property=\"og:type\" content=\"article\" \/>\n<meta property=\"og:title\" content=\"Wetlands International Africa&#039;s commitment to public policy - Wetlands Africa EN\" \/>\n<meta property=\"og:description\" content=\"Chez&nbsp;Wetlands International Afrique, nous sommes convaincus que la durabilit\u00e9 de la conservation des zones humides d\u00e9pend \u00e9troitement de la qualit\u00e9 des&nbsp;politiques publiques&nbsp;qui encadrent leur gestion. Dans un contexte marqu\u00e9 par la d\u00e9gradation acc\u00e9l\u00e9r\u00e9e des \u00e9cosyst\u00e8mes c\u00f4tiers et int\u00e9rieurs, l\u2019urbanisation, l\u2019exploitation non durable des ressources naturelles et les impacts croissants du changement climatique, il devient imp\u00e9ratif [&hellip;]\" \/>\n<meta property=\"og:url\" content=\"https:\/\/westafrica.wetlands.org\/en\/wetlands-international-africas-commitment-to-public-policy\/\" \/>\n<meta property=\"og:site_name\" content=\"Wetlands Africa EN\" \/>\n<meta property=\"og:image\" content=\"https:\/\/westafrica.wetlands.org\/en\/wp-content\/uploads\/sites\/8\/2025\/07\/MCA-WA-DS-3-scaled.jpg\" \/>\n\t<meta property=\"og:image:width\" content=\"2560\" \/>\n\t<meta property=\"og:image:height\" content=\"1707\" \/>\n\t<meta property=\"og:image:type\" content=\"image\/jpeg\" \/>\n<meta name=\"twitter:card\" content=\"summary_large_image\" \/>\n<meta name=\"twitter:label1\" content=\"Est. reading time\" \/>\n\t<meta name=\"twitter:data1\" content=\"1 minute\" \/>\n<script type=\"application\/ld+json\" class=\"yoast-schema-graph\">{\"@context\":\"https:\/\/schema.org\",\"@graph\":[{\"@type\":\"WebPage\",\"@id\":\"https:\/\/westafrica.wetlands.org\/en\/wetlands-international-africas-commitment-to-public-policy\/\",\"url\":\"https:\/\/westafrica.wetlands.org\/en\/wetlands-international-africas-commitment-to-public-policy\/\",\"name\":\"Wetlands International Africa's commitment to public policy - Wetlands Africa EN\",\"isPartOf\":{\"@id\":\"https:\/\/westafrica.wetlands.org\/en\/#website\"},\"primaryImageOfPage\":{\"@id\":\"https:\/\/westafrica.wetlands.org\/en\/wetlands-international-africas-commitment-to-public-policy\/#primaryimage\"},\"image\":{\"@id\":\"https:\/\/westafrica.wetlands.org\/en\/wetlands-international-africas-commitment-to-public-policy\/#primaryimage\"},\"thumbnailUrl\":\"https:\/\/westafrica.wetlands.org\/en\/wp-content\/uploads\/sites\/8\/2025\/07\/MCA-WA-DS-3-scaled.jpg\",\"datePublished\":\"2025-07-23T13:13:20+00:00\",\"breadcrumb\":{\"@id\":\"https:\/\/westafrica.wetlands.org\/en\/wetlands-international-africas-commitment-to-public-policy\/#breadcrumb\"},\"inLanguage\":\"en-US\",\"potentialAction\":[{\"@type\":\"ReadAction\",\"target\":[\"https:\/\/westafrica.wetlands.org\/en\/wetlands-international-africas-commitment-to-public-policy\/\"]}]},{\"@type\":\"ImageObject\",\"inLanguage\":\"en-US\",\"@id\":\"https:\/\/westafrica.wetlands.org\/en\/wetlands-international-africas-commitment-to-public-policy\/#primaryimage\",\"url\":\"https:\/\/westafrica.wetlands.org\/en\/wp-content\/uploads\/sites\/8\/2025\/07\/MCA-WA-DS-3-scaled.jpg\",\"contentUrl\":\"https:\/\/westafrica.wetlands.org\/en\/wp-content\/uploads\/sites\/8\/2025\/07\/MCA-WA-DS-3-scaled.jpg\",\"width\":2560,\"height\":1707},{\"@type\":\"BreadcrumbList\",\"@id\":\"https:\/\/westafrica.wetlands.org\/en\/wetlands-international-africas-commitment-to-public-policy\/#breadcrumb\",\"itemListElement\":[{\"@type\":\"ListItem\",\"position\":1,\"name\":\"Home\",\"item\":\"https:\/\/westafrica.wetlands.org\/en\/\"},{\"@type\":\"ListItem\",\"position\":2,\"name\":\"Wetlands International Africa&#8217;s commitment to public policy\"}]},{\"@type\":\"WebSite\",\"@id\":\"https:\/\/westafrica.wetlands.org\/en\/#website\",\"url\":\"https:\/\/westafrica.wetlands.org\/en\/\",\"name\":\"Wetlands Africa EN\",\"description\":\"\",\"potentialAction\":[{\"@type\":\"SearchAction\",\"target\":{\"@type\":\"EntryPoint\",\"urlTemplate\":\"https:\/\/westafrica.wetlands.org\/en\/?s={search_term_string}\"},\"query-input\":{\"@type\":\"PropertyValueSpecification\",\"valueRequired\":true,\"valueName\":\"search_term_string\"}}],\"inLanguage\":\"en-US\"}]}<\/script>\n<!-- \/ Yoast SEO plugin. -->","yoast_head_json":{"title":"Wetlands International Africa's commitment to public policy - Wetlands Africa EN","robots":{"index":"noindex","follow":"follow","max-snippet":"max-snippet:-1","max-image-preview":"max-image-preview:large","max-video-preview":"max-video-preview:-1"},"og_locale":"en_US","og_type":"article","og_title":"Wetlands International Africa's commitment to public policy - Wetlands Africa EN","og_description":"Chez&nbsp;Wetlands International Afrique, nous sommes convaincus que la durabilit\u00e9 de la conservation des zones humides d\u00e9pend \u00e9troitement de la qualit\u00e9 des&nbsp;politiques publiques&nbsp;qui encadrent leur gestion. Dans un contexte marqu\u00e9 par la d\u00e9gradation acc\u00e9l\u00e9r\u00e9e des \u00e9cosyst\u00e8mes c\u00f4tiers et int\u00e9rieurs, l\u2019urbanisation, l\u2019exploitation non durable des ressources naturelles et les impacts croissants du changement climatique, il devient imp\u00e9ratif [&hellip;]","og_url":"https:\/\/westafrica.wetlands.org\/en\/wetlands-international-africas-commitment-to-public-policy\/","og_site_name":"Wetlands Africa EN","og_image":[{"width":2560,"height":1707,"url":"https:\/\/westafrica.wetlands.org\/en\/wp-content\/uploads\/sites\/8\/2025\/07\/MCA-WA-DS-3-scaled.jpg","type":"image\/jpeg"}],"twitter_card":"summary_large_image","twitter_misc":{"Est. reading time":"1 minute"},"schema":{"@context":"https:\/\/schema.org","@graph":[{"@type":"WebPage","@id":"https:\/\/westafrica.wetlands.org\/en\/wetlands-international-africas-commitment-to-public-policy\/","url":"https:\/\/westafrica.wetlands.org\/en\/wetlands-international-africas-commitment-to-public-policy\/","name":"Wetlands International Africa's commitment to public policy - Wetlands Africa EN","isPartOf":{"@id":"https:\/\/westafrica.wetlands.org\/en\/#website"},"primaryImageOfPage":{"@id":"https:\/\/westafrica.wetlands.org\/en\/wetlands-international-africas-commitment-to-public-policy\/#primaryimage"},"image":{"@id":"https:\/\/westafrica.wetlands.org\/en\/wetlands-international-africas-commitment-to-public-policy\/#primaryimage"},"thumbnailUrl":"https:\/\/westafrica.wetlands.org\/en\/wp-content\/uploads\/sites\/8\/2025\/07\/MCA-WA-DS-3-scaled.jpg","datePublished":"2025-07-23T13:13:20+00:00","breadcrumb":{"@id":"https:\/\/westafrica.wetlands.org\/en\/wetlands-international-africas-commitment-to-public-policy\/#breadcrumb"},"inLanguage":"en-US","potentialAction":[{"@type":"ReadAction","target":["https:\/\/westafrica.wetlands.org\/en\/wetlands-international-africas-commitment-to-public-policy\/"]}]},{"@type":"ImageObject","inLanguage":"en-US","@id":"https:\/\/westafrica.wetlands.org\/en\/wetlands-international-africas-commitment-to-public-policy\/#primaryimage","url":"https:\/\/westafrica.wetlands.org\/en\/wp-content\/uploads\/sites\/8\/2025\/07\/MCA-WA-DS-3-scaled.jpg","contentUrl":"https:\/\/westafrica.wetlands.org\/en\/wp-content\/uploads\/sites\/8\/2025\/07\/MCA-WA-DS-3-scaled.jpg","width":2560,"height":1707},{"@type":"BreadcrumbList","@id":"https:\/\/westafrica.wetlands.org\/en\/wetlands-international-africas-commitment-to-public-policy\/#breadcrumb","itemListElement":[{"@type":"ListItem","position":1,"name":"Home","item":"https:\/\/westafrica.wetlands.org\/en\/"},{"@type":"ListItem","position":2,"name":"Wetlands International Africa&#8217;s commitment to public policy"}]},{"@type":"WebSite","@id":"https:\/\/westafrica.wetlands.org\/en\/#website","url":"https:\/\/westafrica.wetlands.org\/en\/","name":"Wetlands Africa EN","description":"","potentialAction":[{"@type":"SearchAction","target":{"@type":"EntryPoint","urlTemplate":"https:\/\/westafrica.wetlands.org\/en\/?s={search_term_string}"},"query-input":{"@type":"PropertyValueSpecification","valueRequired":true,"valueName":"search_term_string"}}],"inLanguage":"en-US"}]}},"_links":{"self":[{"href":"https:\/\/westafrica.wetlands.org\/en\/wp-json\/wp\/v2\/pages\/4796"}],"collection":[{"href":"https:\/\/westafrica.wetlands.org\/en\/wp-json\/wp\/v2\/pages"}],"about":[{"href":"https:\/\/westafrica.wetlands.org\/en\/wp-json\/wp\/v2\/types\/page"}],"author":[{"embeddable":true,"href":"https:\/\/westafrica.wetlands.org\/en\/wp-json\/wp\/v2\/users\/19"}],"replies":[{"embeddable":true,"href":"https:\/\/westafrica.wetlands.org\/en\/wp-json\/wp\/v2\/comments?post=4796"}],"version-history":[{"count":0,"href":"https:\/\/westafrica.wetlands.org\/en\/wp-json\/wp\/v2\/pages\/4796\/revisions"}],"wp:featuredmedia":[{"embeddable":true,"href":"https:\/\/westafrica.wetlands.org\/en\/wp-json\/wp\/v2\/media\/4797"}],"wp:attachment":[{"href":"https:\/\/westafrica.wetlands.org\/en\/wp-json\/wp\/v2\/media?parent=4796"}],"wp:term":[{"taxonomy":"wl_issue","embeddable":true,"href":"https:\/\/westafrica.wetlands.org\/en\/wp-json\/wp\/v2\/wl_issue?post=4796"},{"taxonomy":"wl_topic","embeddable":true,"href":"https:\/\/westafrica.wetlands.org\/en\/wp-json\/wp\/v2\/wl_topic?post=4796"},{"taxonomy":"wl_type","embeddable":true,"href":"https:\/\/westafrica.wetlands.org\/en\/wp-json\/wp\/v2\/wl_type?post=4796"}],"curies":[{"name":"wp","href":"https:\/\/api.w.org\/{rel}","templated":true}]}}